{"id":334759,"date":"2019-05-28T23:07:29","date_gmt":"2019-05-28T21:07:29","guid":{"rendered":"https:\/\/dev2.sweat-off.com\/frequently-asked-questions\/wirkung\/"},"modified":"2025-04-25T14:56:30","modified_gmt":"2025-04-25T12:56:30","slug":"effect","status":"publish","type":"page","link":"https:\/\/dev2.sweat-off.com\/en\/frequently-asked-questions\/effect\/","title":{"rendered":"How does Sweat-Off antiperspirant work? | Sweat-Off FAQ"},"content":{"rendered":"\n<p>Sweat-Off is more than just a deodorant, because deodorants only reduce the odour of sweat for a short time.<\/p>\n\n<p>Sweat-Off is an antiperspirant. It stops perspiration before it occurs and thus also prevents odour. <\/p>\n\n<p>The special formula of Sweat-Off is based on aluminium salts, which temporarily close the sweat glands. The sweat can no longer escape and is instead absorbed by the wall of the sweat gland. This also prevents odour, which only occurs when bacteria on the skin decompose the sweat.  <\/p>\n\n<p>Studien haben gezeigt, dass unsere Produkte an verschiedenen K\u00f6rperstellen langfristig vor Schwei\u00df sch\u00fctzen. Einen \u00dcberblick zu unseren Untersuchungen findet sich <a href=\"https:\/\/dev2.sweat-off.com\/evidenz\/\">hier<\/a>. <\/p>\n","protected":false},"excerpt":{"rendered":"<p>Sweat-Off is more than just a deodorant, because deodorants only reduce the odour of sweat for a short time. Sweat-Off is an antiperspirant. It stops perspiration before it occurs and thus also prevents odour. The special formula of Sweat-Off is based on aluminium salts, which temporarily close the sweat glands. The sweat can no longer [&hellip;]<\/p>\n","protected":false},"author":7,"featured_media":0,"parent":333399,"menu_order":0,"comment_status":"closed","ping_status":"closed","template":"page-faq-single.php","meta":{"_acf_changed":false,"inline_featured_image":false,"footnotes":""},"class_list":["post-334759","page","type-page","status-publish","hentry"],"acf":[],"yoast_head":"<!-- This site is optimized with the Yoast SEO plugin v26.3 - https:\/\/yoast.com\/wordpress\/plugins\/seo\/ -->\n<title>How does Sweat-Off antiperspirant work? | Sweat-Off FAQ<\/title>\n<meta name=\"robots\" content=\"noindex, follow, max-snippet:-1, max-image-preview:large, max-video-preview:-1\" \/>\n<meta property=\"og:locale\" content=\"en_US\" \/>\n<meta property=\"og:type\" content=\"article\" \/>\n<meta property=\"og:title\" content=\"How does Sweat-Off antiperspirant work? | Sweat-Off FAQ\" \/>\n<meta property=\"og:description\" content=\"Sweat-Off is more than just a deodorant, because deodorants only reduce the odour of sweat for a short time. Sweat-Off is an antiperspirant. It stops perspiration before it occurs and thus also prevents odour. The special formula of Sweat-Off is based on aluminium salts, which temporarily close the sweat glands. The sweat can no longer [&hellip;]\" \/>\n<meta property=\"og:url\" content=\"https:\/\/dev2.sweat-off.com\/en\/frequently-asked-questions\/effect\/\" \/>\n<meta property=\"og:site_name\" content=\"Sweat-Off\" \/>\n<meta property=\"article:modified_time\" content=\"2025-04-25T12:56:30+00:00\" \/>\n<meta property=\"og:image\" content=\"https:\/\/dev2.sweat-off.com\/wp-content\/uploads\/2024\/07\/Seiten-Header-1-1024x681.png\" \/>\n\t<meta property=\"og:image:width\" content=\"1024\" \/>\n\t<meta property=\"og:image:height\" content=\"681\" \/>\n\t<meta property=\"og:image:type\" content=\"image\/png\" \/>\n<meta name=\"twitter:card\" content=\"summary_large_image\" \/>\n<meta name=\"twitter:label1\" content=\"Est. reading time\" \/>\n\t<meta name=\"twitter:data1\" content=\"1 minute\" \/>\n<script type=\"application\/ld+json\" class=\"yoast-schema-graph\">{\"@context\":\"https:\/\/schema.org\",\"@graph\":[{\"@type\":\"WebPage\",\"@id\":\"https:\/\/dev2.sweat-off.com\/en\/frequently-asked-questions\/effect\/\",\"url\":\"https:\/\/dev2.sweat-off.com\/en\/frequently-asked-questions\/effect\/\",\"name\":\"How does Sweat-Off antiperspirant work? | Sweat-Off FAQ\",\"isPartOf\":{\"@id\":\"https:\/\/dev2.sweat-off.com\/en\/#website\"},\"datePublished\":\"2019-05-28T21:07:29+00:00\",\"dateModified\":\"2025-04-25T12:56:30+00:00\",\"breadcrumb\":{\"@id\":\"https:\/\/dev2.sweat-off.com\/en\/frequently-asked-questions\/effect\/#breadcrumb\"},\"inLanguage\":\"en-US\",\"potentialAction\":[{\"@type\":\"ReadAction\",\"target\":[\"https:\/\/dev2.sweat-off.com\/en\/frequently-asked-questions\/effect\/\"]}]},{\"@type\":\"BreadcrumbList\",\"@id\":\"https:\/\/dev2.sweat-off.com\/en\/frequently-asked-questions\/effect\/#breadcrumb\",\"itemListElement\":[{\"@type\":\"ListItem\",\"position\":1,\"name\":\"Home\",\"item\":\"https:\/\/dev2.sweat-off.com\/en\/startseite\/\"},{\"@type\":\"ListItem\",\"position\":2,\"name\":\"FAQ\",\"item\":\"https:\/\/dev2.sweat-off.com\/en\/frequently-asked-questions\/\"},{\"@type\":\"ListItem\",\"position\":3,\"name\":\"How does Sweat-Off antiperspirant work? | Sweat-Off FAQ\"}]},{\"@type\":\"WebSite\",\"@id\":\"https:\/\/dev2.sweat-off.com\/en\/#website\",\"url\":\"https:\/\/dev2.sweat-off.com\/en\/\",\"name\":\"Sweat-Off\",\"description\":\"Gegen Achselschwei\u00df + starkes Schwitzen hilft Sweat-off Antitranspirant Deodorant nach dem Erfolgrezept von Prof. Dr. med. Raulin. Beim Hersteller kaufen mit 30 Tage Geld-zur\u00fcck-Garantie!\",\"publisher\":{\"@id\":\"https:\/\/dev2.sweat-off.com\/en\/#organization\"},\"potentialAction\":[{\"@type\":\"SearchAction\",\"target\":{\"@type\":\"EntryPoint\",\"urlTemplate\":\"https:\/\/dev2.sweat-off.com\/en\/?s={search_term_string}\"},\"query-input\":{\"@type\":\"PropertyValueSpecification\",\"valueRequired\":true,\"valueName\":\"search_term_string\"}}],\"inLanguage\":\"en-US\"},{\"@type\":\"Organization\",\"@id\":\"https:\/\/dev2.sweat-off.com\/en\/#organization\",\"name\":\"Sweat-Off GmbH\",\"alternateName\":\"Sweat-Off\",\"url\":\"https:\/\/dev2.sweat-off.com\/en\/\",\"logo\":{\"@type\":\"ImageObject\",\"inLanguage\":\"en-US\",\"@id\":\"https:\/\/dev2.sweat-off.com\/en\/#\/schema\/logo\/image\/\",\"url\":\"https:\/\/dev2.sweat-off.com\/wp-content\/uploads\/2023\/03\/cropped-favicon-2.png\",\"contentUrl\":\"https:\/\/dev2.sweat-off.com\/wp-content\/uploads\/2023\/03\/cropped-favicon-2.png\",\"width\":512,\"height\":512,\"caption\":\"Sweat-Off GmbH\"},\"image\":{\"@id\":\"https:\/\/dev2.sweat-off.com\/en\/#\/schema\/logo\/image\/\"}}]}<\/script>\n<!-- \/ Yoast SEO plugin. -->","yoast_head_json":{"title":"How does Sweat-Off antiperspirant work? | Sweat-Off FAQ","robots":{"index":"noindex","follow":"follow","max-snippet":"max-snippet:-1","max-image-preview":"max-image-preview:large","max-video-preview":"max-video-preview:-1"},"og_locale":"en_US","og_type":"article","og_title":"How does Sweat-Off antiperspirant work? | Sweat-Off FAQ","og_description":"Sweat-Off is more than just a deodorant, because deodorants only reduce the odour of sweat for a short time. Sweat-Off is an antiperspirant. It stops perspiration before it occurs and thus also prevents odour. The special formula of Sweat-Off is based on aluminium salts, which temporarily close the sweat glands. The sweat can no longer [&hellip;]","og_url":"https:\/\/dev2.sweat-off.com\/en\/frequently-asked-questions\/effect\/","og_site_name":"Sweat-Off","article_modified_time":"2025-04-25T12:56:30+00:00","og_image":[{"width":1024,"height":681,"url":"https:\/\/dev2.sweat-off.com\/wp-content\/uploads\/2024\/07\/Seiten-Header-1-1024x681.png","type":"image\/png"}],"twitter_card":"summary_large_image","twitter_misc":{"Est. reading time":"1 minute"},"schema":{"@context":"https:\/\/schema.org","@graph":[{"@type":"WebPage","@id":"https:\/\/dev2.sweat-off.com\/en\/frequently-asked-questions\/effect\/","url":"https:\/\/dev2.sweat-off.com\/en\/frequently-asked-questions\/effect\/","name":"How does Sweat-Off antiperspirant work? | Sweat-Off FAQ","isPartOf":{"@id":"https:\/\/dev2.sweat-off.com\/en\/#website"},"datePublished":"2019-05-28T21:07:29+00:00","dateModified":"2025-04-25T12:56:30+00:00","breadcrumb":{"@id":"https:\/\/dev2.sweat-off.com\/en\/frequently-asked-questions\/effect\/#breadcrumb"},"inLanguage":"en-US","potentialAction":[{"@type":"ReadAction","target":["https:\/\/dev2.sweat-off.com\/en\/frequently-asked-questions\/effect\/"]}]},{"@type":"BreadcrumbList","@id":"https:\/\/dev2.sweat-off.com\/en\/frequently-asked-questions\/effect\/#breadcrumb","itemListElement":[{"@type":"ListItem","position":1,"name":"Home","item":"https:\/\/dev2.sweat-off.com\/en\/startseite\/"},{"@type":"ListItem","position":2,"name":"FAQ","item":"https:\/\/dev2.sweat-off.com\/en\/frequently-asked-questions\/"},{"@type":"ListItem","position":3,"name":"How does Sweat-Off antiperspirant work? | Sweat-Off FAQ"}]},{"@type":"WebSite","@id":"https:\/\/dev2.sweat-off.com\/en\/#website","url":"https:\/\/dev2.sweat-off.com\/en\/","name":"Sweat-Off","description":"Gegen Achselschwei\u00df + starkes Schwitzen hilft Sweat-off Antitranspirant Deodorant nach dem Erfolgrezept von Prof. Dr. med. Raulin. Beim Hersteller kaufen mit 30 Tage Geld-zur\u00fcck-Garantie!","publisher":{"@id":"https:\/\/dev2.sweat-off.com\/en\/#organization"},"potentialAction":[{"@type":"SearchAction","target":{"@type":"EntryPoint","urlTemplate":"https:\/\/dev2.sweat-off.com\/en\/?s={search_term_string}"},"query-input":{"@type":"PropertyValueSpecification","valueRequired":true,"valueName":"search_term_string"}}],"inLanguage":"en-US"},{"@type":"Organization","@id":"https:\/\/dev2.sweat-off.com\/en\/#organization","name":"Sweat-Off GmbH","alternateName":"Sweat-Off","url":"https:\/\/dev2.sweat-off.com\/en\/","logo":{"@type":"ImageObject","inLanguage":"en-US","@id":"https:\/\/dev2.sweat-off.com\/en\/#\/schema\/logo\/image\/","url":"https:\/\/dev2.sweat-off.com\/wp-content\/uploads\/2023\/03\/cropped-favicon-2.png","contentUrl":"https:\/\/dev2.sweat-off.com\/wp-content\/uploads\/2023\/03\/cropped-favicon-2.png","width":512,"height":512,"caption":"Sweat-Off GmbH"},"image":{"@id":"https:\/\/dev2.sweat-off.com\/en\/#\/schema\/logo\/image\/"}}]}},"_links":{"self":[{"href":"https:\/\/dev2.sweat-off.com\/en\/wp-json\/wp\/v2\/pages\/334759","targetHints":{"allow":["GET"]}}],"collection":[{"href":"https:\/\/dev2.sweat-off.com\/en\/wp-json\/wp\/v2\/pages"}],"about":[{"href":"https:\/\/dev2.sweat-off.com\/en\/wp-json\/wp\/v2\/types\/page"}],"author":[{"embeddable":true,"href":"https:\/\/dev2.sweat-off.com\/en\/wp-json\/wp\/v2\/users\/7"}],"replies":[{"embeddable":true,"href":"https:\/\/dev2.sweat-off.com\/en\/wp-json\/wp\/v2\/comments?post=334759"}],"version-history":[{"count":3,"href":"https:\/\/dev2.sweat-off.com\/en\/wp-json\/wp\/v2\/pages\/334759\/revisions"}],"predecessor-version":[{"id":339834,"href":"https:\/\/dev2.sweat-off.com\/en\/wp-json\/wp\/v2\/pages\/334759\/revisions\/339834"}],"up":[{"embeddable":true,"href":"https:\/\/dev2.sweat-off.com\/en\/wp-json\/wp\/v2\/pages\/333399"}],"wp:attachment":[{"href":"https:\/\/dev2.sweat-off.com\/en\/wp-json\/wp\/v2\/media?parent=334759"}],"curies":[{"name":"wp","href":"https:\/\/api.w.org\/{rel}","templated":true}]}}