{"id":335116,"date":"2019-02-15T14:48:03","date_gmt":"2019-02-15T13:48:03","guid":{"rendered":"https:\/\/dev2.sweat-off.com\/impressum\/"},"modified":"2025-04-10T12:33:32","modified_gmt":"2025-04-10T10:33:32","slug":"legal-notice","status":"publish","type":"page","link":"https:\/\/dev2.sweat-off.com\/en\/legal-notice\/","title":{"rendered":"Legal notice"},"content":{"rendered":"<p>This legal notice applies to this website and to the following social media profiles:<\/p>\n<p><a href=\"http:\/\/www.facebook.com\/Sweatoff.Lifeon\" target=\"_blank\" rel=\"noopener noreferrer\">Sweat-Off on Facebook<\/a><\/p>\n<p><a href=\"https:\/\/www.instagram.com\/sweatoff.lifeon\/\" target=\"_blank\" rel=\"noopener\">Sweat-Off on Instagram<\/a><\/p>\n<p><a href=\"https:\/\/g.page\/r\/CRP9XlEOhwMMEBA\" target=\"_blank\" rel=\"noopener noreferrer\">Sweat-Off on Google<\/a><\/p>\n<p><a href=\"https:\/\/www.youtube.com\/Sweat-off\" target=\"_blank\" rel=\"noopener\">Sweat-Off on Youtube<\/a><\/p>\n<p><a href=\"https:\/\/www.tiktok.com\/@sweatoff.lifeon\" target=\"_blank\" rel=\"noopener\">Sweat-Off on Tiktok<\/a><\/p>\n<p><strong>Sweat-Off GmbH<\/strong><br \/>\nReinhold-Frank-Stra\u00dfe 58<br \/>\n76133 Karlsruhe<br \/>\nGermany<\/p>\n<p>Phone: +49 (0) 721 151 99 055<br \/>\nFax: +49 (0) 721 151 99 056<br \/>\nE-mail: <a title=\"\u00d6ffnet ein Fenster zum Versenden der E-Mail\" href=\"mailto:impressum@sweat-off.com\">impressum@sweat-off.com<\/a><\/p>\n<p>Represented by: Oxana Zhuravkova<\/p>\n<p>Registered Court: Local Court Mannheim, HRB 700878<br \/>\nVAT ID no.: DE 248518181<br \/>\nResponsible in the sense of \u00a7 55 Abs. 2 RStV Oxana Zhuravkova, Managing Director (address as above)<\/p>\n<p>Responsible regulatory and supervisory authority: Landesanstalt f\u00fcr Kommunikation Baden-W\u00fcrttemberg (LFK), Reinsburgstra\u00dfe 27, 70178 Stuttgart, Phone: +49 711 66991-0, Fax: +49 711 66991-11,<br \/>\nE-mail: info@lfk.de<\/p>\n<p><strong>Dispute resolution <\/strong><\/p>\n<p>The European Commission provides a platform for online dispute resolution (OS): <a href=\"https:\/\/ec.europa.eu\/consumers\/odr\">https:\/\/ec.europa.eu\/consumers\/odr<\/a><br \/>\nOur e-mail address can be found above in the legal notice.<\/p>\n<p>We are not willing or obliged to participate in dispute resolution proceedings before a consumer arbitration board.<\/p>\n<h3><i class=\"fas fa-angle-double-right\" style=\"color: #ff580f;\"><\/i>Customer service<\/h3>\n<p>If you have any questions about customer service or ordering, you can reach us via our <a href=\"https:\/\/dev2.sweat-off.com\/en\/contact\/\">contact form.<\/a><\/p>\n<h3><i class=\"fas fa-angle-double-right\" style=\"color: #ff580f;\"><\/i>Bank details<\/h3>\n<p>Are you looking for the bank details for your payment by invoice? In this case, your payment must be made to RatePay GmbH and <strong>not<\/strong> to Sweat-Off. You will receive all payment information in a separate e-mail from RatePAY.<\/p>\n<p>Deutsche Bank Karlsruhe<br \/>\nIBAN DE22660700240102220100<br \/>\nSWIFT\/BIC DEUTDEDB660<\/p>\n<h3><i class=\"fas fa-angle-double-right\" style=\"color: #ff580f;\"><\/i>Contents\/liability of the website<\/h3>\n<p>Own and third-party content is provided via the website. Insofar as these originate from external companies, they are labelled accordingly.<\/p>\n<h3>Liability for own content:<\/h3>\n<p>The seller shall only be liable for losses or damage that the user may incur as a result of relying on the seller&#8217;s own information and data that the user has received in the course of using the website, irrespective of the legal grounds, if the damage was caused by intent or gross negligence on the part of the seller&#8217;s legal representatives or vicarious agents or if an obligation was breached due to slight negligence, the fulfilment of which the user relied on to a particular degree (cardinal obligation). The seller is only liable for foreseeable damages. Liability for indirect damage, in particular consequential damage, unforeseeable damage or atypical damage and loss of profit is excluded. The same applies to accidental damage and force majeure. The publisher&#8217;s liability for personal injury remains unaffected by this exclusion and limitation of liability.<\/p>\n<h3>Liability for third-party content:<\/h3>\n<p>In the case of content from third-party companies and private individuals (especially in discussion forums and chats), the website only provides the technical medium. Content made available to the user by third parties is information\/data of the respective author or distributor and not that of the seller. The seller is therefore under no circumstances responsible for the accuracy, correctness or reliability of this content. In particular, the Seller shall not be liable for any loss or damage of any kind incurred by the User as a result of the User&#8217;s reliance on such information\/data.<\/p>\n<h3>Liability for links:<\/h3>\n<p>The insertion of hyperlinks in the seller&#8217;s offer, in particular to co-operation partners, is merely a means of access within the meaning of \u00a7 9 of the German Telemedia Act. The seller declares that he accepts no responsibility for the content of the linked websites and does not wish to adopt them as his own. This declaration applies to all links on this website. Under no circumstances is the seller responsible for the content of websites that refer to the seller. The seller is also not in a position to determine or check references or links to his websites. Furthermore, the seller has no influence on how the content offered here is used, passed on or changed by the user and can therefore not be held liable for any damages, lost benefits or other direct or indirect consequences arising from the use of the content offered here.<\/p>\n<p>The seller excludes any liability for technical or other faults.<\/p>\n<h3><i class=\"fas fa-angle-double-right\" style=\"color: #ff580f;\"><\/i>Photo credits<\/h3>\n<p>Homepage<br \/>\nRaindrop close up &#8211;\u00a0<em>Icon made by\u00a0<\/em><a href=\"https:\/\/www.freepik.com\/\"><em>Freepik<\/em><\/a><em>\u00a0from\u00a0<\/em><em><a href=\"http:\/\/www.flaticon.com\/\">www.flaticon.com<\/a><\/em><br \/>\nInformation button &#8211;\u00a0<em>Icon made by\u00a0<\/em><a href=\"https:\/\/www.freepik.com\/\"><em>Freepik<\/em><\/a><em>\u00a0from\u00a0<\/em><em><a href=\"http:\/\/www.flaticon.com\/\">www.flaticon.com<\/a><\/em><br \/>\nSitting rabbit &#8211;\u00a0<em>Icon made by\u00a0<\/em><a href=\"https:\/\/www.freepik.com\/\"><em>Freepik<\/em><\/a><em>\u00a0from\u00a0<\/em><em><a href=\"http:\/\/www.flaticon.com\/\">www.flaticon.com<\/a><\/em><br \/>\nLogistics delivery truck in movement &#8211;\u00a0<em>Icon made by\u00a0<\/em><a href=\"https:\/\/www.freepik.com\/\"><em>Freepik<\/em><\/a><em>\u00a0from\u00a0<\/em><em><a href=\"http:\/\/www.flaticon.com\/\">www.flaticon.com<\/a><\/em><br \/>\nPayment method &#8211; <em>Icon made by\u00a0<\/em><a href=\"https:\/\/www.freepik.com\/\"><em>Freepik<\/em><\/a><em>\u00a0from\u00a0<\/em><em><a href=\"http:\/\/www.flaticon.com\/\">www.flaticon.com<\/a><\/em><br \/>\nGift &#8211;\u00a0<em>Icon made by <a href=\"https:\/\/www.flaticon.com\/authors\/pixel-perfect\">Pixel perfect<\/a><\/em><em>\u00a0from\u00a0<\/em><em><a href=\"http:\/\/www.flaticon.com\/\">www.flaticon.com<\/a><\/em><br \/>\nHospital &#8211;\u00a0<em>Icon made by\u00a0<\/em><a href=\"https:\/\/www.freepik.com\/\"><em>Freepik<\/em><\/a><em>\u00a0from\u00a0<\/em><em><a href=\"http:\/\/www.flaticon.com\/\">www.flaticon.com<\/a><\/em><br \/>\nFooter<br \/>\nPaypal &#8211; <em>Icon made by <a href=\"https:\/\/www.flaticon.com\/authors\/roundicons\">Roundicons<\/a><\/em><em>\u00a0from\u00a0<\/em><em><a href=\"http:\/\/www.flaticon.com\/\">www.flaticon.com<\/a><\/em><br \/>\nMastercard \u00a0&#8211;\u00a0<em>Icon made by <a href=\"https:\/\/www.flaticon.com\/authors\/roundicons\">Roundicons<\/a><\/em><em>\u00a0from\u00a0<\/em><em><a href=\"http:\/\/www.flaticon.com\/\">www.flaticon.com<\/a><\/em><br \/>\nVisa &#8211;\u00a0<em>Icon made by <a href=\"https:\/\/www.flaticon.com\/authors\/roundicons\">Roundicons<\/a><\/em><em>\u00a0from\u00a0<\/em><em><a href=\"http:\/\/www.flaticon.com\/\">www.flaticon.com<\/a><\/em><br \/>\nLocked padlock &#8211;\u00a0<em>Icon made by\u00a0<\/em><a href=\"https:\/\/www.freepik.com\/\"><em>Freepik<\/em><\/a><em>\u00a0from\u00a0<\/em><em><a href=\"http:\/\/www.flaticon.com\/\">www.flaticon.com<\/a><\/em><br \/>\nStarkes Schwitzen \/ Was hilft gegen starkes Schwitzen?<br \/>\nFoggy day &#8211;\u00a0<em>Icon made by <a href=\"https:\/\/www.flaticon.com\/authors\/amit-jakhu\">Amit Jakhu<\/a><\/em><em>\u00a0from\u00a0<\/em><em><a href=\"http:\/\/www.flaticon.com\/\">www.flaticon.com<\/a><\/em><br \/>\nRaindrop close up &#8211;\u00a0<em>Icon made by\u00a0<\/em><a href=\"https:\/\/www.freepik.com\/\"><em>Freepik<\/em><\/a><em>\u00a0from\u00a0<\/em><em><a href=\"http:\/\/www.flaticon.com\/\">www.flaticon.com<\/a><\/em><\/p>\n","protected":false},"excerpt":{"rendered":"<p>This legal notice applies to this website and to the following social media profiles: Sweat-Off on Facebook Sweat-Off on Instagram Sweat-Off on Google Sweat-Off on Youtube Sweat-Off on Tiktok Sweat-Off GmbH Reinhold-Frank-Stra\u00dfe 58 76133 Karlsruhe Germany Phone: +49 (0) 721 151 99 055 Fax: +49 (0) 721 151 99 056 E-mail: impressum@sweat-off.com Represented by: Oxana [&hellip;]<\/p>\n","protected":false},"author":3,"featured_media":0,"parent":0,"menu_order":0,"comment_status":"closed","ping_status":"closed","template":"","meta":{"_acf_changed":false,"inline_featured_image":false,"footnotes":""},"class_list":["post-335116","page","type-page","status-publish","hentry"],"acf":[],"yoast_head":"<!-- This site is optimized with the Yoast SEO plugin v26.3 - https:\/\/yoast.com\/wordpress\/plugins\/seo\/ -->\n<title>Sweat-Off \u00bb Legal Notice<\/title>\n<meta name=\"robots\" content=\"noindex, nofollow\" \/>\n<meta property=\"og:locale\" content=\"en_US\" \/>\n<meta property=\"og:type\" content=\"article\" \/>\n<meta property=\"og:title\" content=\"Sweat-Off \u00bb Legal Notice\" \/>\n<meta property=\"og:description\" content=\"This legal notice applies to this website and to the following social media profiles: Sweat-Off on Facebook Sweat-Off on Instagram Sweat-Off on Google Sweat-Off on Youtube Sweat-Off on Tiktok Sweat-Off GmbH Reinhold-Frank-Stra\u00dfe 58 76133 Karlsruhe Germany Phone: +49 (0) 721 151 99 055 Fax: +49 (0) 721 151 99 056 E-mail: impressum@sweat-off.com Represented by: Oxana [&hellip;]\" \/>\n<meta property=\"og:url\" content=\"https:\/\/dev2.sweat-off.com\/en\/legal-notice\/\" \/>\n<meta property=\"og:site_name\" content=\"Sweat-Off\" \/>\n<meta property=\"article:modified_time\" content=\"2025-04-10T10:33:32+00:00\" \/>\n<meta property=\"og:image\" content=\"https:\/\/dev2.sweat-off.com\/wp-content\/uploads\/2024\/07\/Seiten-Header-1-1024x681.png\" \/>\n\t<meta property=\"og:image:width\" content=\"1024\" \/>\n\t<meta property=\"og:image:height\" content=\"681\" \/>\n\t<meta property=\"og:image:type\" content=\"image\/png\" \/>\n<meta name=\"twitter:card\" content=\"summary_large_image\" \/>\n<meta name=\"twitter:label1\" content=\"Est. reading time\" \/>\n\t<meta name=\"twitter:data1\" content=\"5 minutes\" \/>\n<script type=\"application\/ld+json\" class=\"yoast-schema-graph\">{\"@context\":\"https:\/\/schema.org\",\"@graph\":[{\"@type\":\"WebPage\",\"@id\":\"https:\/\/dev2.sweat-off.com\/en\/legal-notice\/\",\"url\":\"https:\/\/dev2.sweat-off.com\/en\/legal-notice\/\",\"name\":\"Sweat-Off \u00bb Legal Notice\",\"isPartOf\":{\"@id\":\"https:\/\/dev2.sweat-off.com\/en\/#website\"},\"datePublished\":\"2019-02-15T13:48:03+00:00\",\"dateModified\":\"2025-04-10T10:33:32+00:00\",\"breadcrumb\":{\"@id\":\"https:\/\/dev2.sweat-off.com\/en\/legal-notice\/#breadcrumb\"},\"inLanguage\":\"en-US\",\"potentialAction\":[{\"@type\":\"ReadAction\",\"target\":[\"https:\/\/dev2.sweat-off.com\/en\/legal-notice\/\"]}]},{\"@type\":\"BreadcrumbList\",\"@id\":\"https:\/\/dev2.sweat-off.com\/en\/legal-notice\/#breadcrumb\",\"itemListElement\":[{\"@type\":\"ListItem\",\"position\":1,\"name\":\"Home\",\"item\":\"https:\/\/dev2.sweat-off.com\/en\/startseite\/\"},{\"@type\":\"ListItem\",\"position\":2,\"name\":\"Legal notice\"}]},{\"@type\":\"WebSite\",\"@id\":\"https:\/\/dev2.sweat-off.com\/en\/#website\",\"url\":\"https:\/\/dev2.sweat-off.com\/en\/\",\"name\":\"Sweat-Off\",\"description\":\"Gegen Achselschwei\u00df + starkes Schwitzen hilft Sweat-off Antitranspirant Deodorant nach dem Erfolgrezept von Prof. Dr. med. Raulin. Beim Hersteller kaufen mit 30 Tage Geld-zur\u00fcck-Garantie!\",\"publisher\":{\"@id\":\"https:\/\/dev2.sweat-off.com\/en\/#organization\"},\"potentialAction\":[{\"@type\":\"SearchAction\",\"target\":{\"@type\":\"EntryPoint\",\"urlTemplate\":\"https:\/\/dev2.sweat-off.com\/en\/?s={search_term_string}\"},\"query-input\":{\"@type\":\"PropertyValueSpecification\",\"valueRequired\":true,\"valueName\":\"search_term_string\"}}],\"inLanguage\":\"en-US\"},{\"@type\":\"Organization\",\"@id\":\"https:\/\/dev2.sweat-off.com\/en\/#organization\",\"name\":\"Sweat-Off GmbH\",\"alternateName\":\"Sweat-Off\",\"url\":\"https:\/\/dev2.sweat-off.com\/en\/\",\"logo\":{\"@type\":\"ImageObject\",\"inLanguage\":\"en-US\",\"@id\":\"https:\/\/dev2.sweat-off.com\/en\/#\/schema\/logo\/image\/\",\"url\":\"https:\/\/dev2.sweat-off.com\/wp-content\/uploads\/2023\/03\/cropped-favicon-2.png\",\"contentUrl\":\"https:\/\/dev2.sweat-off.com\/wp-content\/uploads\/2023\/03\/cropped-favicon-2.png\",\"width\":512,\"height\":512,\"caption\":\"Sweat-Off GmbH\"},\"image\":{\"@id\":\"https:\/\/dev2.sweat-off.com\/en\/#\/schema\/logo\/image\/\"}}]}<\/script>\n<!-- \/ Yoast SEO plugin. -->","yoast_head_json":{"title":"Sweat-Off \u00bb Legal Notice","robots":{"index":"noindex","follow":"nofollow"},"og_locale":"en_US","og_type":"article","og_title":"Sweat-Off \u00bb Legal Notice","og_description":"This legal notice applies to this website and to the following social media profiles: Sweat-Off on Facebook Sweat-Off on Instagram Sweat-Off on Google Sweat-Off on Youtube Sweat-Off on Tiktok Sweat-Off GmbH Reinhold-Frank-Stra\u00dfe 58 76133 Karlsruhe Germany Phone: +49 (0) 721 151 99 055 Fax: +49 (0) 721 151 99 056 E-mail: impressum@sweat-off.com Represented by: Oxana [&hellip;]","og_url":"https:\/\/dev2.sweat-off.com\/en\/legal-notice\/","og_site_name":"Sweat-Off","article_modified_time":"2025-04-10T10:33:32+00:00","og_image":[{"width":1024,"height":681,"url":"https:\/\/dev2.sweat-off.com\/wp-content\/uploads\/2024\/07\/Seiten-Header-1-1024x681.png","type":"image\/png"}],"twitter_card":"summary_large_image","twitter_misc":{"Est. reading time":"5 minutes"},"schema":{"@context":"https:\/\/schema.org","@graph":[{"@type":"WebPage","@id":"https:\/\/dev2.sweat-off.com\/en\/legal-notice\/","url":"https:\/\/dev2.sweat-off.com\/en\/legal-notice\/","name":"Sweat-Off \u00bb Legal Notice","isPartOf":{"@id":"https:\/\/dev2.sweat-off.com\/en\/#website"},"datePublished":"2019-02-15T13:48:03+00:00","dateModified":"2025-04-10T10:33:32+00:00","breadcrumb":{"@id":"https:\/\/dev2.sweat-off.com\/en\/legal-notice\/#breadcrumb"},"inLanguage":"en-US","potentialAction":[{"@type":"ReadAction","target":["https:\/\/dev2.sweat-off.com\/en\/legal-notice\/"]}]},{"@type":"BreadcrumbList","@id":"https:\/\/dev2.sweat-off.com\/en\/legal-notice\/#breadcrumb","itemListElement":[{"@type":"ListItem","position":1,"name":"Home","item":"https:\/\/dev2.sweat-off.com\/en\/startseite\/"},{"@type":"ListItem","position":2,"name":"Legal notice"}]},{"@type":"WebSite","@id":"https:\/\/dev2.sweat-off.com\/en\/#website","url":"https:\/\/dev2.sweat-off.com\/en\/","name":"Sweat-Off","description":"Gegen Achselschwei\u00df + starkes Schwitzen hilft Sweat-off Antitranspirant Deodorant nach dem Erfolgrezept von Prof. Dr. med. Raulin. Beim Hersteller kaufen mit 30 Tage Geld-zur\u00fcck-Garantie!","publisher":{"@id":"https:\/\/dev2.sweat-off.com\/en\/#organization"},"potentialAction":[{"@type":"SearchAction","target":{"@type":"EntryPoint","urlTemplate":"https:\/\/dev2.sweat-off.com\/en\/?s={search_term_string}"},"query-input":{"@type":"PropertyValueSpecification","valueRequired":true,"valueName":"search_term_string"}}],"inLanguage":"en-US"},{"@type":"Organization","@id":"https:\/\/dev2.sweat-off.com\/en\/#organization","name":"Sweat-Off GmbH","alternateName":"Sweat-Off","url":"https:\/\/dev2.sweat-off.com\/en\/","logo":{"@type":"ImageObject","inLanguage":"en-US","@id":"https:\/\/dev2.sweat-off.com\/en\/#\/schema\/logo\/image\/","url":"https:\/\/dev2.sweat-off.com\/wp-content\/uploads\/2023\/03\/cropped-favicon-2.png","contentUrl":"https:\/\/dev2.sweat-off.com\/wp-content\/uploads\/2023\/03\/cropped-favicon-2.png","width":512,"height":512,"caption":"Sweat-Off GmbH"},"image":{"@id":"https:\/\/dev2.sweat-off.com\/en\/#\/schema\/logo\/image\/"}}]}},"_links":{"self":[{"href":"https:\/\/dev2.sweat-off.com\/en\/wp-json\/wp\/v2\/pages\/335116","targetHints":{"allow":["GET"]}}],"collection":[{"href":"https:\/\/dev2.sweat-off.com\/en\/wp-json\/wp\/v2\/pages"}],"about":[{"href":"https:\/\/dev2.sweat-off.com\/en\/wp-json\/wp\/v2\/types\/page"}],"author":[{"embeddable":true,"href":"https:\/\/dev2.sweat-off.com\/en\/wp-json\/wp\/v2\/users\/3"}],"replies":[{"embeddable":true,"href":"https:\/\/dev2.sweat-off.com\/en\/wp-json\/wp\/v2\/comments?post=335116"}],"version-history":[{"count":4,"href":"https:\/\/dev2.sweat-off.com\/en\/wp-json\/wp\/v2\/pages\/335116\/revisions"}],"predecessor-version":[{"id":336455,"href":"https:\/\/dev2.sweat-off.com\/en\/wp-json\/wp\/v2\/pages\/335116\/revisions\/336455"}],"wp:attachment":[{"href":"https:\/\/dev2.sweat-off.com\/en\/wp-json\/wp\/v2\/media?parent=335116"}],"curies":[{"name":"wp","href":"https:\/\/api.w.org\/{rel}","templated":true}]}}