{"id":323444,"date":"2020-05-14T00:00:00","date_gmt":"2020-05-13T22:00:00","guid":{"rendered":"https:\/\/dev2.sweat-off.com\/produkt\/sweat-off-ionto-antitranspirant\/"},"modified":"2025-07-09T08:22:17","modified_gmt":"2025-07-09T06:22:17","slug":"sweat-off-ionto-antitranspirant","status":"publish","type":"product","link":"https:\/\/dev2.sweat-off.com\/en\/product\/sweat-off-ionto-antitranspirant\/","title":{"rendered":"Ionto-Antitranspirant"},"content":{"rendered":"<p>Das Sweat-Off Ionto-Antitranspirant verwendet das medizinisch seit vielen Jahren anerkannte Therapieverfahren der Leitungswasser-Iontophorese (LWI) und wirkt gegen \u00fcberm\u00e4\u00dfiges Schwitzen an H\u00e4nden (Hyperhidrosis palmaris) und F\u00fc\u00dfen (Hyperhidrosis plantaris).<\/p>\n<p>Bei der LWI wird das vom starken Schwitzen betroffene K\u00f6rperareal mit einem leichten Strom behandelt. Dies f\u00fchrt zu einer Reduzierung des Schwei\u00dfflusses in den behandelten Bereichen \u2013 im klinischen Vergleich sogar mit einer Erfolgsquote von 98 %. Im Vergleich zu vielen anderen Therapiemethoden hat die Iontophorese keine negativen Langzeiteffekte. Die Therapie ist einfach durchzuf\u00fchren und sicher. Neben der einmaligen Ger\u00e4teanschaffung gibt es nahezu keine Folgekosten.<\/p>\n<p><strong>Lieferumfang: <\/strong>Vollst\u00e4ndiges Set zur Behandlung der H\u00e4nde und F\u00fc\u00dfe inklusive anti-allergischer Aluminium-Elektroden<\/p>\n<p><strong>Das macht das Ger\u00e4t so besonders:<\/strong><\/p>\n<ul>\n<li>Intuitive Bedienung \u00fcber Digital-Display mit Timer-Funktion und Dosis-Einstellung<\/li>\n<li>Individuell einstellbar mit je einem Profil-Speicher f\u00fcr die Behandlungsparameter an H\u00e4nden und F\u00fc\u00dfen<\/li>\n<li>Durch hohe Leistungsf\u00e4higkeit von bis zu 60V \/ 35 mA auch f\u00fcr stark Schwitzende geeignet<\/li>\n<\/ul>\n<p><strong>F\u00fcr eine sichere Behandlung ist das Sweat-Off Ionto-Antitranspirant mit mehreren Schutzschaltungen ausgestattet:<\/strong><\/p>\n<ul>\n<li>Eintauch\u00fcberwachung<\/li>\n<li>\u00dcbertherapie-Schutzfunktion<\/li>\n<li>Strombegrenzung<\/li>\n<li>Elektronische Schutzschaltung<\/li>\n<\/ul>\n<p><strong>Gewicht:<\/strong> 2 kg<br \/>\n<strong>Zolltarifnummer:<\/strong> 90189084<\/p>\n","protected":false},"excerpt":{"rendered":"<p>Zuverl\u00e4ssiges Therapieverfahren gegen \u00fcberm\u00e4\u00dfiges Schwitzen.<\/p>\n","protected":false},"featured_media":322338,"comment_status":"closed","ping_status":"closed","template":"","meta":{"_acf_changed":false,"inline_featured_image":false},"product_brand":[],"product_cat":[472,473],"product_tag":[],"class_list":{"0":"post-323444","1":"product","2":"type-product","3":"status-publish","4":"has-post-thumbnail","6":"product_cat-sweat-off-classic","7":"product_cat-accessories","8":"product_shipping_class-k0-l45-en","9":"pa_weight-2-kg-en","11":"first","12":"instock","13":"taxable","14":"shipping-taxable","15":"purchasable","16":"product-type-simple"},"acf":[],"yoast_head":"<!-- This site is optimized with the Yoast SEO plugin v26.3 - https:\/\/yoast.com\/wordpress\/plugins\/seo\/ -->\n<title>Sweat-Off Ionto-Antitranspirant | bei Hyperhidrose an H\u00e4nden &amp; F\u00fc\u00dfen<\/title>\n<meta name=\"robots\" content=\"noindex, follow, max-snippet:-1, max-image-preview:large, max-video-preview:-1\" \/>\n<meta property=\"og:locale\" content=\"en_US\" \/>\n<meta property=\"og:type\" content=\"article\" \/>\n<meta property=\"og:title\" content=\"Sweat-Off Ionto-Antitranspirant | bei Hyperhidrose an H\u00e4nden &amp; F\u00fc\u00dfen\" \/>\n<meta property=\"og:description\" content=\"Zuverl\u00e4ssiges Therapieverfahren gegen \u00fcberm\u00e4\u00dfiges Schwitzen.\" \/>\n<meta property=\"og:url\" content=\"https:\/\/dev2.sweat-off.com\/en\/product\/sweat-off-ionto-antitranspirant\/\" \/>\n<meta property=\"og:site_name\" content=\"Sweat-Off\" \/>\n<meta property=\"article:modified_time\" content=\"2025-07-09T06:22:17+00:00\" \/>\n<meta property=\"og:image\" content=\"https:\/\/dev2.sweat-off.com\/wp-content\/uploads\/2020\/05\/ionto.jpg\" \/>\n\t<meta property=\"og:image:width\" content=\"1098\" \/>\n\t<meta property=\"og:image:height\" content=\"1536\" \/>\n\t<meta property=\"og:image:type\" content=\"image\/jpeg\" \/>\n<meta name=\"twitter:card\" content=\"summary_large_image\" \/>\n<meta name=\"twitter:label1\" content=\"Est. reading time\" \/>\n\t<meta name=\"twitter:data1\" content=\"2 minutes\" \/>\n<script type=\"application\/ld+json\" class=\"yoast-schema-graph\">{\"@context\":\"https:\/\/schema.org\",\"@graph\":[{\"@type\":\"WebPage\",\"@id\":\"https:\/\/dev2.sweat-off.com\/en\/product\/sweat-off-ionto-antitranspirant\/\",\"url\":\"https:\/\/dev2.sweat-off.com\/en\/product\/sweat-off-ionto-antitranspirant\/\",\"name\":\"Sweat-Off Ionto-Antitranspirant | bei Hyperhidrose an H\u00e4nden & F\u00fc\u00dfen\",\"isPartOf\":{\"@id\":\"https:\/\/dev2.sweat-off.com\/en\/#website\"},\"primaryImageOfPage\":{\"@id\":\"https:\/\/dev2.sweat-off.com\/en\/product\/sweat-off-ionto-antitranspirant\/#primaryimage\"},\"image\":{\"@id\":\"https:\/\/dev2.sweat-off.com\/en\/product\/sweat-off-ionto-antitranspirant\/#primaryimage\"},\"thumbnailUrl\":\"https:\/\/dev2.sweat-off.com\/wp-content\/uploads\/2020\/05\/ionto.jpg\",\"datePublished\":\"2020-05-13T22:00:00+00:00\",\"dateModified\":\"2025-07-09T06:22:17+00:00\",\"breadcrumb\":{\"@id\":\"https:\/\/dev2.sweat-off.com\/en\/product\/sweat-off-ionto-antitranspirant\/#breadcrumb\"},\"inLanguage\":\"en-US\",\"potentialAction\":[{\"@type\":\"ReadAction\",\"target\":[\"https:\/\/dev2.sweat-off.com\/en\/product\/sweat-off-ionto-antitranspirant\/\"]}]},{\"@type\":\"ImageObject\",\"inLanguage\":\"en-US\",\"@id\":\"https:\/\/dev2.sweat-off.com\/en\/product\/sweat-off-ionto-antitranspirant\/#primaryimage\",\"url\":\"https:\/\/dev2.sweat-off.com\/wp-content\/uploads\/2020\/05\/ionto.jpg\",\"contentUrl\":\"https:\/\/dev2.sweat-off.com\/wp-content\/uploads\/2020\/05\/ionto.jpg\",\"width\":1098,\"height\":1536,\"caption\":\"Ionto-Antitranspirant Ger\u00e4t\"},{\"@type\":\"BreadcrumbList\",\"@id\":\"https:\/\/dev2.sweat-off.com\/en\/product\/sweat-off-ionto-antitranspirant\/#breadcrumb\",\"itemListElement\":[{\"@type\":\"ListItem\",\"position\":1,\"name\":\"Home\",\"item\":\"https:\/\/dev2.sweat-off.com\/en\/startseite\/\"},{\"@type\":\"ListItem\",\"position\":2,\"name\":\"Shop\",\"item\":\"https:\/\/dev2.sweat-off.com\/en\/shop\/\"},{\"@type\":\"ListItem\",\"position\":3,\"name\":\"Ionto-Antitranspirant\"}]},{\"@type\":\"WebSite\",\"@id\":\"https:\/\/dev2.sweat-off.com\/en\/#website\",\"url\":\"https:\/\/dev2.sweat-off.com\/en\/\",\"name\":\"Sweat-Off\",\"description\":\"Gegen Achselschwei\u00df + starkes Schwitzen hilft Sweat-off Antitranspirant Deodorant nach dem Erfolgrezept von Prof. Dr. med. Raulin. Beim Hersteller kaufen mit 30 Tage Geld-zur\u00fcck-Garantie!\",\"publisher\":{\"@id\":\"https:\/\/dev2.sweat-off.com\/en\/#organization\"},\"potentialAction\":[{\"@type\":\"SearchAction\",\"target\":{\"@type\":\"EntryPoint\",\"urlTemplate\":\"https:\/\/dev2.sweat-off.com\/en\/?s={search_term_string}\"},\"query-input\":{\"@type\":\"PropertyValueSpecification\",\"valueRequired\":true,\"valueName\":\"search_term_string\"}}],\"inLanguage\":\"en-US\"},{\"@type\":\"Organization\",\"@id\":\"https:\/\/dev2.sweat-off.com\/en\/#organization\",\"name\":\"Sweat-Off GmbH\",\"alternateName\":\"Sweat-Off\",\"url\":\"https:\/\/dev2.sweat-off.com\/en\/\",\"logo\":{\"@type\":\"ImageObject\",\"inLanguage\":\"en-US\",\"@id\":\"https:\/\/dev2.sweat-off.com\/en\/#\/schema\/logo\/image\/\",\"url\":\"https:\/\/dev2.sweat-off.com\/wp-content\/uploads\/2023\/03\/cropped-favicon-2.png\",\"contentUrl\":\"https:\/\/dev2.sweat-off.com\/wp-content\/uploads\/2023\/03\/cropped-favicon-2.png\",\"width\":512,\"height\":512,\"caption\":\"Sweat-Off GmbH\"},\"image\":{\"@id\":\"https:\/\/dev2.sweat-off.com\/en\/#\/schema\/logo\/image\/\"}}]}<\/script>\n<!-- \/ Yoast SEO plugin. -->","yoast_head_json":{"title":"Sweat-Off Ionto-Antitranspirant | bei Hyperhidrose an H\u00e4nden & F\u00fc\u00dfen","robots":{"index":"noindex","follow":"follow","max-snippet":"max-snippet:-1","max-image-preview":"max-image-preview:large","max-video-preview":"max-video-preview:-1"},"og_locale":"en_US","og_type":"article","og_title":"Sweat-Off Ionto-Antitranspirant | bei Hyperhidrose an H\u00e4nden & F\u00fc\u00dfen","og_description":"Zuverl\u00e4ssiges Therapieverfahren gegen \u00fcberm\u00e4\u00dfiges Schwitzen.","og_url":"https:\/\/dev2.sweat-off.com\/en\/product\/sweat-off-ionto-antitranspirant\/","og_site_name":"Sweat-Off","article_modified_time":"2025-07-09T06:22:17+00:00","og_image":[{"width":1098,"height":1536,"url":"https:\/\/dev2.sweat-off.com\/wp-content\/uploads\/2020\/05\/ionto.jpg","type":"image\/jpeg"}],"twitter_card":"summary_large_image","twitter_misc":{"Est. reading time":"2 minutes"},"schema":{"@context":"https:\/\/schema.org","@graph":[{"@type":"WebPage","@id":"https:\/\/dev2.sweat-off.com\/en\/product\/sweat-off-ionto-antitranspirant\/","url":"https:\/\/dev2.sweat-off.com\/en\/product\/sweat-off-ionto-antitranspirant\/","name":"Sweat-Off Ionto-Antitranspirant | bei Hyperhidrose an H\u00e4nden & F\u00fc\u00dfen","isPartOf":{"@id":"https:\/\/dev2.sweat-off.com\/en\/#website"},"primaryImageOfPage":{"@id":"https:\/\/dev2.sweat-off.com\/en\/product\/sweat-off-ionto-antitranspirant\/#primaryimage"},"image":{"@id":"https:\/\/dev2.sweat-off.com\/en\/product\/sweat-off-ionto-antitranspirant\/#primaryimage"},"thumbnailUrl":"https:\/\/dev2.sweat-off.com\/wp-content\/uploads\/2020\/05\/ionto.jpg","datePublished":"2020-05-13T22:00:00+00:00","dateModified":"2025-07-09T06:22:17+00:00","breadcrumb":{"@id":"https:\/\/dev2.sweat-off.com\/en\/product\/sweat-off-ionto-antitranspirant\/#breadcrumb"},"inLanguage":"en-US","potentialAction":[{"@type":"ReadAction","target":["https:\/\/dev2.sweat-off.com\/en\/product\/sweat-off-ionto-antitranspirant\/"]}]},{"@type":"ImageObject","inLanguage":"en-US","@id":"https:\/\/dev2.sweat-off.com\/en\/product\/sweat-off-ionto-antitranspirant\/#primaryimage","url":"https:\/\/dev2.sweat-off.com\/wp-content\/uploads\/2020\/05\/ionto.jpg","contentUrl":"https:\/\/dev2.sweat-off.com\/wp-content\/uploads\/2020\/05\/ionto.jpg","width":1098,"height":1536,"caption":"Ionto-Antitranspirant Ger\u00e4t"},{"@type":"BreadcrumbList","@id":"https:\/\/dev2.sweat-off.com\/en\/product\/sweat-off-ionto-antitranspirant\/#breadcrumb","itemListElement":[{"@type":"ListItem","position":1,"name":"Home","item":"https:\/\/dev2.sweat-off.com\/en\/startseite\/"},{"@type":"ListItem","position":2,"name":"Shop","item":"https:\/\/dev2.sweat-off.com\/en\/shop\/"},{"@type":"ListItem","position":3,"name":"Ionto-Antitranspirant"}]},{"@type":"WebSite","@id":"https:\/\/dev2.sweat-off.com\/en\/#website","url":"https:\/\/dev2.sweat-off.com\/en\/","name":"Sweat-Off","description":"Gegen Achselschwei\u00df + starkes Schwitzen hilft Sweat-off Antitranspirant Deodorant nach dem Erfolgrezept von Prof. Dr. med. Raulin. Beim Hersteller kaufen mit 30 Tage Geld-zur\u00fcck-Garantie!","publisher":{"@id":"https:\/\/dev2.sweat-off.com\/en\/#organization"},"potentialAction":[{"@type":"SearchAction","target":{"@type":"EntryPoint","urlTemplate":"https:\/\/dev2.sweat-off.com\/en\/?s={search_term_string}"},"query-input":{"@type":"PropertyValueSpecification","valueRequired":true,"valueName":"search_term_string"}}],"inLanguage":"en-US"},{"@type":"Organization","@id":"https:\/\/dev2.sweat-off.com\/en\/#organization","name":"Sweat-Off GmbH","alternateName":"Sweat-Off","url":"https:\/\/dev2.sweat-off.com\/en\/","logo":{"@type":"ImageObject","inLanguage":"en-US","@id":"https:\/\/dev2.sweat-off.com\/en\/#\/schema\/logo\/image\/","url":"https:\/\/dev2.sweat-off.com\/wp-content\/uploads\/2023\/03\/cropped-favicon-2.png","contentUrl":"https:\/\/dev2.sweat-off.com\/wp-content\/uploads\/2023\/03\/cropped-favicon-2.png","width":512,"height":512,"caption":"Sweat-Off GmbH"},"image":{"@id":"https:\/\/dev2.sweat-off.com\/en\/#\/schema\/logo\/image\/"}}]}},"_links":{"self":[{"href":"https:\/\/dev2.sweat-off.com\/en\/wp-json\/wp\/v2\/product\/323444","targetHints":{"allow":["GET"]}}],"collection":[{"href":"https:\/\/dev2.sweat-off.com\/en\/wp-json\/wp\/v2\/product"}],"about":[{"href":"https:\/\/dev2.sweat-off.com\/en\/wp-json\/wp\/v2\/types\/product"}],"replies":[{"embeddable":true,"href":"https:\/\/dev2.sweat-off.com\/en\/wp-json\/wp\/v2\/comments?post=323444"}],"wp:featuredmedia":[{"embeddable":true,"href":"https:\/\/dev2.sweat-off.com\/en\/wp-json\/wp\/v2\/media\/322338"}],"wp:attachment":[{"href":"https:\/\/dev2.sweat-off.com\/en\/wp-json\/wp\/v2\/media?parent=323444"}],"wp:term":[{"taxonomy":"product_brand","embeddable":true,"href":"https:\/\/dev2.sweat-off.com\/en\/wp-json\/wp\/v2\/product_brand?post=323444"},{"taxonomy":"product_cat","embeddable":true,"href":"https:\/\/dev2.sweat-off.com\/en\/wp-json\/wp\/v2\/product_cat?post=323444"},{"taxonomy":"product_tag","embeddable":true,"href":"https:\/\/dev2.sweat-off.com\/en\/wp-json\/wp\/v2\/product_tag?post=323444"}],"curies":[{"name":"wp","href":"https:\/\/api.w.org\/{rel}","templated":true}]}}