{"id":323569,"date":"2021-12-03T11:16:43","date_gmt":"2021-12-03T10:16:43","guid":{"rendered":"https:\/\/dev2.sweat-off.com\/produkt\/ebook\/"},"modified":"2025-07-09T08:21:05","modified_gmt":"2025-07-09T06:21:05","slug":"ebook","status":"publish","type":"product","link":"https:\/\/dev2.sweat-off.com\/en\/product\/ebook\/","title":{"rendered":"Alles unter Kontrolle \u2013 Der Sweat-Off-Schwitz-Guide"},"content":{"rendered":"<p>Unser E-Book \u201eAlles unter Kontrolle\u201c bietet Information und Tipps zum Thema Schwitzen. Es deckt alles ab, von starkem Nachtschwitzen nach der Schwangerschaft, Hitzewallungen in den Wechseljahren bis hin zu Erl\u00e4uterungen zu Therapien gegen Schwitzen. Ein zuverl\u00e4ssiger Begleiter f\u00fcr den Alltag.<\/p>\n","protected":false},"excerpt":{"rendered":"<p>Unser E-Book \u201eAlles unter Kontrolle\u201c bietet Information und Tipps zum Thema Schwitzen. Es deckt alles ab, von starkem Nachtschwitzen nach der Schwangerschaft, Hitzewallungen in den Wechseljahren bis hin zu Erl\u00e4uterungen zu Therapien gegen Schwitzen. Ein zuverl\u00e4ssiger Begleiter f\u00fcr den Alltag.<\/p>\n","protected":false},"featured_media":322051,"comment_status":"closed","ping_status":"closed","template":"","meta":{"_acf_changed":false,"inline_featured_image":false},"product_brand":[],"product_cat":[472,473,474],"product_tag":[],"class_list":{"0":"post-323569","1":"product","2":"type-product","3":"status-publish","4":"has-post-thumbnail","6":"product_cat-sweat-off-classic","7":"product_cat-accessories","8":"product_cat-sweat-off-sensitive","9":"product_shipping_class-no-shipping","11":"first","12":"instock","13":"downloadable","14":"virtual","15":"taxable","16":"purchasable","17":"product-type-simple"},"acf":[],"yoast_head":"<!-- This site is optimized with the Yoast SEO plugin v26.3 - https:\/\/yoast.com\/wordpress\/plugins\/seo\/ -->\n<title>Alles unter Kontrolle \u2013 Der Sweat-Off-Schwitz-Guide<\/title>\n<meta name=\"robots\" content=\"noindex, follow, max-snippet:-1, max-image-preview:large, max-video-preview:-1\" \/>\n<meta property=\"og:locale\" content=\"en_US\" \/>\n<meta property=\"og:type\" content=\"article\" \/>\n<meta property=\"og:title\" content=\"Alles unter Kontrolle \u2013 Der Sweat-Off-Schwitz-Guide\" \/>\n<meta property=\"og:description\" content=\"Unser E-Book \u201eAlles unter Kontrolle\u201c bietet Information und Tipps zum Thema Schwitzen. Es deckt alles ab, von starkem Nachtschwitzen nach der Schwangerschaft, Hitzewallungen in den Wechseljahren bis hin zu Erl\u00e4uterungen zu Therapien gegen Schwitzen. Ein zuverl\u00e4ssiger Begleiter f\u00fcr den Alltag.\" \/>\n<meta property=\"og:url\" content=\"https:\/\/dev2.sweat-off.com\/en\/product\/ebook\/\" \/>\n<meta property=\"og:site_name\" content=\"Sweat-Off\" \/>\n<meta property=\"article:modified_time\" content=\"2025-07-09T06:21:05+00:00\" \/>\n<meta property=\"og:image\" content=\"https:\/\/dev2.sweat-off.com\/wp-content\/uploads\/2021\/12\/ebook-beschreibungsbild-2-1.jpg\" \/>\n\t<meta property=\"og:image:width\" content=\"1000\" \/>\n\t<meta property=\"og:image:height\" content=\"1000\" \/>\n\t<meta property=\"og:image:type\" content=\"image\/jpeg\" \/>\n<meta name=\"twitter:card\" content=\"summary_large_image\" \/>\n<meta name=\"twitter:label1\" content=\"Est. reading time\" \/>\n\t<meta name=\"twitter:data1\" content=\"1 minute\" \/>\n<script type=\"application\/ld+json\" class=\"yoast-schema-graph\">{\"@context\":\"https:\/\/schema.org\",\"@graph\":[{\"@type\":\"WebPage\",\"@id\":\"https:\/\/dev2.sweat-off.com\/en\/product\/ebook\/\",\"url\":\"https:\/\/dev2.sweat-off.com\/en\/product\/ebook\/\",\"name\":\"Alles unter Kontrolle \u2013 Der Sweat-Off-Schwitz-Guide\",\"isPartOf\":{\"@id\":\"https:\/\/dev2.sweat-off.com\/en\/#website\"},\"primaryImageOfPage\":{\"@id\":\"https:\/\/dev2.sweat-off.com\/en\/product\/ebook\/#primaryimage\"},\"image\":{\"@id\":\"https:\/\/dev2.sweat-off.com\/en\/product\/ebook\/#primaryimage\"},\"thumbnailUrl\":\"https:\/\/dev2.sweat-off.com\/wp-content\/uploads\/2021\/12\/ebook-beschreibungsbild-2-1.jpg\",\"datePublished\":\"2021-12-03T10:16:43+00:00\",\"dateModified\":\"2025-07-09T06:21:05+00:00\",\"breadcrumb\":{\"@id\":\"https:\/\/dev2.sweat-off.com\/en\/product\/ebook\/#breadcrumb\"},\"inLanguage\":\"en-US\",\"potentialAction\":[{\"@type\":\"ReadAction\",\"target\":[\"https:\/\/dev2.sweat-off.com\/en\/product\/ebook\/\"]}]},{\"@type\":\"ImageObject\",\"inLanguage\":\"en-US\",\"@id\":\"https:\/\/dev2.sweat-off.com\/en\/product\/ebook\/#primaryimage\",\"url\":\"https:\/\/dev2.sweat-off.com\/wp-content\/uploads\/2021\/12\/ebook-beschreibungsbild-2-1.jpg\",\"contentUrl\":\"https:\/\/dev2.sweat-off.com\/wp-content\/uploads\/2021\/12\/ebook-beschreibungsbild-2-1.jpg\",\"width\":1000,\"height\":1000,\"caption\":\"Ebook Mockup auf Ipad\"},{\"@type\":\"BreadcrumbList\",\"@id\":\"https:\/\/dev2.sweat-off.com\/en\/product\/ebook\/#breadcrumb\",\"itemListElement\":[{\"@type\":\"ListItem\",\"position\":1,\"name\":\"Home\",\"item\":\"https:\/\/dev2.sweat-off.com\/en\/startseite\/\"},{\"@type\":\"ListItem\",\"position\":2,\"name\":\"Shop\",\"item\":\"https:\/\/dev2.sweat-off.com\/en\/shop\/\"},{\"@type\":\"ListItem\",\"position\":3,\"name\":\"Alles unter Kontrolle \u2013 Der Sweat-Off-Schwitz-Guide\"}]},{\"@type\":\"WebSite\",\"@id\":\"https:\/\/dev2.sweat-off.com\/en\/#website\",\"url\":\"https:\/\/dev2.sweat-off.com\/en\/\",\"name\":\"Sweat-Off\",\"description\":\"Gegen Achselschwei\u00df + starkes Schwitzen hilft Sweat-off Antitranspirant Deodorant nach dem Erfolgrezept von Prof. Dr. med. Raulin. Beim Hersteller kaufen mit 30 Tage Geld-zur\u00fcck-Garantie!\",\"publisher\":{\"@id\":\"https:\/\/dev2.sweat-off.com\/en\/#organization\"},\"potentialAction\":[{\"@type\":\"SearchAction\",\"target\":{\"@type\":\"EntryPoint\",\"urlTemplate\":\"https:\/\/dev2.sweat-off.com\/en\/?s={search_term_string}\"},\"query-input\":{\"@type\":\"PropertyValueSpecification\",\"valueRequired\":true,\"valueName\":\"search_term_string\"}}],\"inLanguage\":\"en-US\"},{\"@type\":\"Organization\",\"@id\":\"https:\/\/dev2.sweat-off.com\/en\/#organization\",\"name\":\"Sweat-Off GmbH\",\"alternateName\":\"Sweat-Off\",\"url\":\"https:\/\/dev2.sweat-off.com\/en\/\",\"logo\":{\"@type\":\"ImageObject\",\"inLanguage\":\"en-US\",\"@id\":\"https:\/\/dev2.sweat-off.com\/en\/#\/schema\/logo\/image\/\",\"url\":\"https:\/\/dev2.sweat-off.com\/wp-content\/uploads\/2023\/03\/cropped-favicon-2.png\",\"contentUrl\":\"https:\/\/dev2.sweat-off.com\/wp-content\/uploads\/2023\/03\/cropped-favicon-2.png\",\"width\":512,\"height\":512,\"caption\":\"Sweat-Off GmbH\"},\"image\":{\"@id\":\"https:\/\/dev2.sweat-off.com\/en\/#\/schema\/logo\/image\/\"}}]}<\/script>\n<!-- \/ Yoast SEO plugin. -->","yoast_head_json":{"title":"Alles unter Kontrolle \u2013 Der Sweat-Off-Schwitz-Guide","robots":{"index":"noindex","follow":"follow","max-snippet":"max-snippet:-1","max-image-preview":"max-image-preview:large","max-video-preview":"max-video-preview:-1"},"og_locale":"en_US","og_type":"article","og_title":"Alles unter Kontrolle \u2013 Der Sweat-Off-Schwitz-Guide","og_description":"Unser E-Book \u201eAlles unter Kontrolle\u201c bietet Information und Tipps zum Thema Schwitzen. Es deckt alles ab, von starkem Nachtschwitzen nach der Schwangerschaft, Hitzewallungen in den Wechseljahren bis hin zu Erl\u00e4uterungen zu Therapien gegen Schwitzen. Ein zuverl\u00e4ssiger Begleiter f\u00fcr den Alltag.","og_url":"https:\/\/dev2.sweat-off.com\/en\/product\/ebook\/","og_site_name":"Sweat-Off","article_modified_time":"2025-07-09T06:21:05+00:00","og_image":[{"width":1000,"height":1000,"url":"https:\/\/dev2.sweat-off.com\/wp-content\/uploads\/2021\/12\/ebook-beschreibungsbild-2-1.jpg","type":"image\/jpeg"}],"twitter_card":"summary_large_image","twitter_misc":{"Est. reading time":"1 minute"},"schema":{"@context":"https:\/\/schema.org","@graph":[{"@type":"WebPage","@id":"https:\/\/dev2.sweat-off.com\/en\/product\/ebook\/","url":"https:\/\/dev2.sweat-off.com\/en\/product\/ebook\/","name":"Alles unter Kontrolle \u2013 Der Sweat-Off-Schwitz-Guide","isPartOf":{"@id":"https:\/\/dev2.sweat-off.com\/en\/#website"},"primaryImageOfPage":{"@id":"https:\/\/dev2.sweat-off.com\/en\/product\/ebook\/#primaryimage"},"image":{"@id":"https:\/\/dev2.sweat-off.com\/en\/product\/ebook\/#primaryimage"},"thumbnailUrl":"https:\/\/dev2.sweat-off.com\/wp-content\/uploads\/2021\/12\/ebook-beschreibungsbild-2-1.jpg","datePublished":"2021-12-03T10:16:43+00:00","dateModified":"2025-07-09T06:21:05+00:00","breadcrumb":{"@id":"https:\/\/dev2.sweat-off.com\/en\/product\/ebook\/#breadcrumb"},"inLanguage":"en-US","potentialAction":[{"@type":"ReadAction","target":["https:\/\/dev2.sweat-off.com\/en\/product\/ebook\/"]}]},{"@type":"ImageObject","inLanguage":"en-US","@id":"https:\/\/dev2.sweat-off.com\/en\/product\/ebook\/#primaryimage","url":"https:\/\/dev2.sweat-off.com\/wp-content\/uploads\/2021\/12\/ebook-beschreibungsbild-2-1.jpg","contentUrl":"https:\/\/dev2.sweat-off.com\/wp-content\/uploads\/2021\/12\/ebook-beschreibungsbild-2-1.jpg","width":1000,"height":1000,"caption":"Ebook Mockup auf Ipad"},{"@type":"BreadcrumbList","@id":"https:\/\/dev2.sweat-off.com\/en\/product\/ebook\/#breadcrumb","itemListElement":[{"@type":"ListItem","position":1,"name":"Home","item":"https:\/\/dev2.sweat-off.com\/en\/startseite\/"},{"@type":"ListItem","position":2,"name":"Shop","item":"https:\/\/dev2.sweat-off.com\/en\/shop\/"},{"@type":"ListItem","position":3,"name":"Alles unter Kontrolle \u2013 Der Sweat-Off-Schwitz-Guide"}]},{"@type":"WebSite","@id":"https:\/\/dev2.sweat-off.com\/en\/#website","url":"https:\/\/dev2.sweat-off.com\/en\/","name":"Sweat-Off","description":"Gegen Achselschwei\u00df + starkes Schwitzen hilft Sweat-off Antitranspirant Deodorant nach dem Erfolgrezept von Prof. Dr. med. Raulin. Beim Hersteller kaufen mit 30 Tage Geld-zur\u00fcck-Garantie!","publisher":{"@id":"https:\/\/dev2.sweat-off.com\/en\/#organization"},"potentialAction":[{"@type":"SearchAction","target":{"@type":"EntryPoint","urlTemplate":"https:\/\/dev2.sweat-off.com\/en\/?s={search_term_string}"},"query-input":{"@type":"PropertyValueSpecification","valueRequired":true,"valueName":"search_term_string"}}],"inLanguage":"en-US"},{"@type":"Organization","@id":"https:\/\/dev2.sweat-off.com\/en\/#organization","name":"Sweat-Off GmbH","alternateName":"Sweat-Off","url":"https:\/\/dev2.sweat-off.com\/en\/","logo":{"@type":"ImageObject","inLanguage":"en-US","@id":"https:\/\/dev2.sweat-off.com\/en\/#\/schema\/logo\/image\/","url":"https:\/\/dev2.sweat-off.com\/wp-content\/uploads\/2023\/03\/cropped-favicon-2.png","contentUrl":"https:\/\/dev2.sweat-off.com\/wp-content\/uploads\/2023\/03\/cropped-favicon-2.png","width":512,"height":512,"caption":"Sweat-Off GmbH"},"image":{"@id":"https:\/\/dev2.sweat-off.com\/en\/#\/schema\/logo\/image\/"}}]}},"_links":{"self":[{"href":"https:\/\/dev2.sweat-off.com\/en\/wp-json\/wp\/v2\/product\/323569","targetHints":{"allow":["GET"]}}],"collection":[{"href":"https:\/\/dev2.sweat-off.com\/en\/wp-json\/wp\/v2\/product"}],"about":[{"href":"https:\/\/dev2.sweat-off.com\/en\/wp-json\/wp\/v2\/types\/product"}],"replies":[{"embeddable":true,"href":"https:\/\/dev2.sweat-off.com\/en\/wp-json\/wp\/v2\/comments?post=323569"}],"wp:featuredmedia":[{"embeddable":true,"href":"https:\/\/dev2.sweat-off.com\/en\/wp-json\/wp\/v2\/media\/322051"}],"wp:attachment":[{"href":"https:\/\/dev2.sweat-off.com\/en\/wp-json\/wp\/v2\/media?parent=323569"}],"wp:term":[{"taxonomy":"product_brand","embeddable":true,"href":"https:\/\/dev2.sweat-off.com\/en\/wp-json\/wp\/v2\/product_brand?post=323569"},{"taxonomy":"product_cat","embeddable":true,"href":"https:\/\/dev2.sweat-off.com\/en\/wp-json\/wp\/v2\/product_cat?post=323569"},{"taxonomy":"product_tag","embeddable":true,"href":"https:\/\/dev2.sweat-off.com\/en\/wp-json\/wp\/v2\/product_tag?post=323569"}],"curies":[{"name":"wp","href":"https:\/\/api.w.org\/{rel}","templated":true}]}}